{"id":4086,"date":"2022-12-09T10:14:33","date_gmt":"2022-12-09T10:14:33","guid":{"rendered":"https:\/\/timx.no\/?page_id=4086"},"modified":"2022-12-20T10:58:38","modified_gmt":"2022-12-20T10:58:38","slug":"lnt-marine-webviewer","status":"publish","type":"page","link":"https:\/\/timx.no\/en\/lnt-marine-webviewer\/","title":{"rendered":"LNT Marine A-box Viewer"},"content":{"rendered":"<div data-elementor-type=\"wp-page\" data-elementor-id=\"4086\" class=\"elementor elementor-4086\" data-elementor-post-type=\"page\">\n\t\t\t\t\t\t<section class=\"elementor-section elementor-top-section elementor-element elementor-element-8c1192a elementor-section-boxed elementor-section-height-default elementor-section-height-default\" data-id=\"8c1192a\" data-element_type=\"section\" data-settings=\"{&quot;background_background&quot;:&quot;gradient&quot;}\">\n\t\t\t\t\t\t\t<div class=\"elementor-background-overlay\"><\/div>\n\t\t\t\t\t\t\t<div class=\"elementor-container elementor-column-gap-default\">\n\t\t\t\t\t<div class=\"elementor-column elementor-col-100 elementor-top-column elementor-element elementor-element-d2ab242\" data-id=\"d2ab242\" data-element_type=\"column\">\n\t\t\t<div class=\"elementor-widget-wrap elementor-element-populated\">\n\t\t\t\t\t\t<div class=\"elementor-element elementor-element-0421826 elementor-widget elementor-widget-html\" data-id=\"0421826\" data-element_type=\"widget\" data-widget_type=\"html.default\">\n\t\t\t\t<div class=\"elementor-widget-container\">\n\t\t\t\t\t<iframe width=\"1024\" height=\"640\" allowfullscreen src=\"https:\/\/v3d.net\/atr\"><\/iframe>\n<script>document.getElementById(\"https:\/\/v3d.net\/atr\").focus();<\/script> \t\t\t\t<\/div>\n\t\t\t\t<\/div>\n\t\t\t\t\t<\/div>\n\t\t<\/div>\n\t\t\t\t\t<\/div>\n\t\t<\/section>\n\t\t\t\t<section class=\"elementor-section elementor-top-section elementor-element elementor-element-3c0e0e4 elementor-section-boxed elementor-section-height-default elementor-section-height-default\" data-id=\"3c0e0e4\" data-element_type=\"section\">\n\t\t\t\t\t\t<div class=\"elementor-container elementor-column-gap-wider\">\n\t\t\t\t\t<div class=\"elementor-column elementor-col-50 elementor-top-column elementor-element elementor-element-869c8db\" data-id=\"869c8db\" data-element_type=\"column\">\n\t\t\t<div class=\"elementor-widget-wrap elementor-element-populated\">\n\t\t\t\t\t\t<div class=\"elementor-element elementor-element-316fc1f elementor-widget elementor-widget-heading\" data-id=\"316fc1f\" data-element_type=\"widget\" data-widget_type=\"heading.default\">\n\t\t\t\t<div class=\"elementor-widget-container\">\n\t\t\t\t\t<h2 class=\"elementor-heading-title elementor-size-default\">Web viewer for LNT Marine - A-box<\/h2>\t\t\t\t<\/div>\n\t\t\t\t<\/div>\n\t\t\t\t<div class=\"elementor-element elementor-element-c0b51e4 elementor-widget elementor-widget-text-editor\" data-id=\"c0b51e4\" data-element_type=\"widget\" data-widget_type=\"text-editor.default\">\n\t\t\t\t<div class=\"elementor-widget-container\">\n\t\t\t\t\t\t\t\t\t<p>Click \"FPS mode\" to enter \"free walking\" mode, this way you can walk around the ship with the keyboard arrows, and look around with your mouse. FPS mode is not yet available for touch screen devices.<\/p><p>Click \"Hull x-ray\" to see through the ship hull.<\/p>\t\t\t\t\t\t\t\t<\/div>\n\t\t\t\t<\/div>\n\t\t\t\t\t<\/div>\n\t\t<\/div>\n\t\t\t\t<div class=\"elementor-column elementor-col-50 elementor-top-column elementor-element elementor-element-2a34820\" data-id=\"2a34820\" data-element_type=\"column\">\n\t\t\t<div class=\"elementor-widget-wrap elementor-element-populated\">\n\t\t\t\t\t\t<div class=\"elementor-element elementor-element-a0d090b elementor-widget elementor-widget-image\" data-id=\"a0d090b\" data-element_type=\"widget\" data-widget_type=\"image.default\">\n\t\t\t\t<div class=\"elementor-widget-container\">\n\t\t\t\t\t\t\t\t\t\t\t\t\t\t\t\t<a href=\"https:\/\/lntmarine.com\/\">\n\t\t\t\t\t\t\t<img decoding=\"async\" width=\"300\" height=\"71\" src=\"https:\/\/timx.no\/wp-content\/uploads\/2022\/07\/LNT-Marine-300x71.png\" class=\"elementor-animation-float attachment-medium size-medium wp-image-3754\" alt=\"\" srcset=\"https:\/\/timx.no\/wp-content\/uploads\/2022\/07\/LNT-Marine-300x71.png 300w, https:\/\/timx.no\/wp-content\/uploads\/2022\/07\/LNT-Marine-18x4.png 18w, https:\/\/timx.no\/wp-content\/uploads\/2022\/07\/LNT-Marine.png 500w\" sizes=\"(max-width: 300px) 100vw, 300px\" \/>\t\t\t\t\t\t\t\t<\/a>\n\t\t\t\t\t\t\t\t\t\t\t\t\t\t\t<\/div>\n\t\t\t\t<\/div>\n\t\t\t\t\t<\/div>\n\t\t<\/div>\n\t\t\t\t\t<\/div>\n\t\t<\/section>\n\t\t\t\t<section class=\"elementor-section elementor-top-section elementor-element elementor-element-48d4581 elementor-section-height-min-height elementor-section-items-stretch elementor-section-boxed elementor-section-height-default\" data-id=\"48d4581\" data-element_type=\"section\">\n\t\t\t\t\t\t<div class=\"elementor-container elementor-column-gap-default\">\n\t\t\t\t\t<div class=\"elementor-column elementor-col-50 elementor-top-column elementor-element elementor-element-e953614\" data-id=\"e953614\" data-element_type=\"column\">\n\t\t\t<div class=\"elementor-widget-wrap elementor-element-populated\">\n\t\t\t\t\t\t<div class=\"elementor-element elementor-element-3b6c154 elementor-widget elementor-widget-text-editor\" data-id=\"3b6c154\" data-element_type=\"widget\" data-widget_type=\"text-editor.default\">\n\t\t\t\t<div class=\"elementor-widget-container\">\n\t\t\t\t\t\t\t\t\t<p>Want to see more 3D viewers?<\/p>\t\t\t\t\t\t\t\t<\/div>\n\t\t\t\t<\/div>\n\t\t\t\t\t<\/div>\n\t\t<\/div>\n\t\t\t\t<div class=\"elementor-column elementor-col-50 elementor-top-column elementor-element elementor-element-b25c1a0\" data-id=\"b25c1a0\" data-element_type=\"column\">\n\t\t\t<div class=\"elementor-widget-wrap elementor-element-populated\">\n\t\t\t\t\t\t<div class=\"elementor-element elementor-element-8f51d2e elementor-align-right elementor-mobile-align-center elementor-widget elementor-widget-button\" data-id=\"8f51d2e\" data-element_type=\"widget\" data-widget_type=\"button.default\">\n\t\t\t\t<div class=\"elementor-widget-container\">\n\t\t\t\t\t\t\t\t\t<div class=\"elementor-button-wrapper\">\n\t\t\t\t\t<a class=\"elementor-button elementor-button-link elementor-size-sm\" href=\"https:\/\/timx.no\/en\/interactive-3d\/\">\n\t\t\t\t\t\t<span class=\"elementor-button-content-wrapper\">\n\t\t\t\t\t\t\t\t\t<span class=\"elementor-button-text\">See more<\/span>\n\t\t\t\t\t<\/span>\n\t\t\t\t\t<\/a>\n\t\t\t\t<\/div>\n\t\t\t\t\t\t\t\t<\/div>\n\t\t\t\t<\/div>\n\t\t\t\t\t<\/div>\n\t\t<\/div>\n\t\t\t\t\t<\/div>\n\t\t<\/section>\n\t\t\t\t<section class=\"elementor-section elementor-top-section elementor-element elementor-element-248d072 elementor-section-boxed elementor-section-height-default elementor-section-height-default\" data-id=\"248d072\" data-element_type=\"section\">\n\t\t\t\t\t\t<div class=\"elementor-container elementor-column-gap-default\">\n\t\t\t\t\t<div class=\"elementor-column elementor-col-100 elementor-top-column elementor-element elementor-element-4c864c9\" data-id=\"4c864c9\" data-element_type=\"column\">\n\t\t\t<div class=\"elementor-widget-wrap elementor-element-populated\">\n\t\t\t\t\t\t<div class=\"elementor-element elementor-element-725266e elementor-widget elementor-widget-spacer\" data-id=\"725266e\" data-element_type=\"widget\" data-widget_type=\"spacer.default\">\n\t\t\t\t<div class=\"elementor-widget-container\">\n\t\t\t\t\t\t\t<div class=\"elementor-spacer\">\n\t\t\t<div class=\"elementor-spacer-inner\"><\/div>\n\t\t<\/div>\n\t\t\t\t\t\t<\/div>\n\t\t\t\t<\/div>\n\t\t\t\t\t<\/div>\n\t\t<\/div>\n\t\t\t\t\t<\/div>\n\t\t<\/section>\n\t\t\t\t<\/div>","protected":false},"excerpt":{"rendered":"<p>Web visning for LNT Marine &#8211; A-box. Klikk p\u00e5 &laquo;FPS mode&raquo; for \u00e5 entr\u00e9 &laquo;g\u00e5 rundt&raquo; modus, da kan du bevege deg rundt fritt p\u00e5 skipet med piltastene og kikke rundt ved \u00e5 bevege musen, &laquo;FPS mode&raquo; er ikke tilgjengelig for mobiltelefon enn\u00e5. Klikk p\u00e5 &laquo;Hull x-ray&raquo; for \u00e5 se gjennom skipets skrog og p\u00e5 [&hellip;]<\/p>\n","protected":false},"author":7,"featured_media":0,"parent":0,"menu_order":0,"comment_status":"closed","ping_status":"closed","template":"","meta":{"footnotes":""},"class_list":["post-4086","page","type-page","status-publish","hentry"],"yoast_head":"<!-- This site is optimized with the Yoast SEO plugin v26.7 - https:\/\/yoast.com\/wordpress\/plugins\/seo\/ -->\n<title>LNT Marine A-box Viewer - Timx<\/title>\n<meta name=\"robots\" content=\"index, follow, max-snippet:-1, max-image-preview:large, max-video-preview:-1\" \/>\n<link rel=\"canonical\" href=\"https:\/\/timx.no\/en\/lnt-marine-webviewer\/\" \/>\n<meta property=\"og:locale\" content=\"en_GB\" \/>\n<meta property=\"og:type\" content=\"article\" \/>\n<meta property=\"og:title\" content=\"LNT Marine A-box Viewer - Timx\" \/>\n<meta property=\"og:description\" content=\"Web visning for LNT Marine &#8211; A-box. Klikk p\u00e5 &laquo;FPS mode&raquo; for \u00e5 entr\u00e9 &laquo;g\u00e5 rundt&raquo; modus, da kan du bevege deg rundt fritt p\u00e5 skipet med piltastene og kikke rundt ved \u00e5 bevege musen, &laquo;FPS mode&raquo; er ikke tilgjengelig for mobiltelefon enn\u00e5. Klikk p\u00e5 &laquo;Hull x-ray&raquo; for \u00e5 se gjennom skipets skrog og p\u00e5 [&hellip;]\" \/>\n<meta property=\"og:url\" content=\"https:\/\/timx.no\/en\/lnt-marine-webviewer\/\" \/>\n<meta property=\"og:site_name\" content=\"Timx\" \/>\n<meta property=\"article:modified_time\" content=\"2022-12-20T10:58:38+00:00\" \/>\n<meta property=\"og:image\" content=\"https:\/\/timx.no\/wp-content\/uploads\/2022\/07\/LNT-Marine-300x71.png\" \/>\n<meta name=\"twitter:card\" content=\"summary_large_image\" \/>\n<meta name=\"twitter:label1\" content=\"Estimated reading time\" \/>\n\t<meta name=\"twitter:data1\" content=\"1 minute\" \/>\n<script type=\"application\/ld+json\" class=\"yoast-schema-graph\">{\"@context\":\"https:\/\/schema.org\",\"@graph\":[{\"@type\":\"WebPage\",\"@id\":\"https:\/\/timx.no\/lnt-marine-webviewer\/\",\"url\":\"https:\/\/timx.no\/lnt-marine-webviewer\/\",\"name\":\"LNT Marine A-box Viewer - Timx\",\"isPartOf\":{\"@id\":\"https:\/\/timx.no\/#website\"},\"primaryImageOfPage\":{\"@id\":\"https:\/\/timx.no\/lnt-marine-webviewer\/#primaryimage\"},\"image\":{\"@id\":\"https:\/\/timx.no\/lnt-marine-webviewer\/#primaryimage\"},\"thumbnailUrl\":\"https:\/\/timx.no\/wp-content\/uploads\/2022\/07\/LNT-Marine-300x71.png\",\"datePublished\":\"2022-12-09T10:14:33+00:00\",\"dateModified\":\"2022-12-20T10:58:38+00:00\",\"breadcrumb\":{\"@id\":\"https:\/\/timx.no\/lnt-marine-webviewer\/#breadcrumb\"},\"inLanguage\":\"en-GB\",\"potentialAction\":[{\"@type\":\"ReadAction\",\"target\":[\"https:\/\/timx.no\/lnt-marine-webviewer\/\"]}]},{\"@type\":\"ImageObject\",\"inLanguage\":\"en-GB\",\"@id\":\"https:\/\/timx.no\/lnt-marine-webviewer\/#primaryimage\",\"url\":\"https:\/\/timx.no\/wp-content\/uploads\/2022\/07\/LNT-Marine-300x71.png\",\"contentUrl\":\"https:\/\/timx.no\/wp-content\/uploads\/2022\/07\/LNT-Marine-300x71.png\"},{\"@type\":\"BreadcrumbList\",\"@id\":\"https:\/\/timx.no\/lnt-marine-webviewer\/#breadcrumb\",\"itemListElement\":[{\"@type\":\"ListItem\",\"position\":1,\"name\":\"Hjem\",\"item\":\"https:\/\/timx.no\/\"},{\"@type\":\"ListItem\",\"position\":2,\"name\":\"LNT Marine A-box Viewer\"}]},{\"@type\":\"WebSite\",\"@id\":\"https:\/\/timx.no\/#website\",\"url\":\"https:\/\/timx.no\/\",\"name\":\"Timx\",\"description\":\"Interactive 3D and 3D animation\",\"publisher\":{\"@id\":\"https:\/\/timx.no\/#organization\"},\"potentialAction\":[{\"@type\":\"SearchAction\",\"target\":{\"@type\":\"EntryPoint\",\"urlTemplate\":\"https:\/\/timx.no\/?s={search_term_string}\"},\"query-input\":{\"@type\":\"PropertyValueSpecification\",\"valueRequired\":true,\"valueName\":\"search_term_string\"}}],\"inLanguage\":\"en-GB\"},{\"@type\":\"Organization\",\"@id\":\"https:\/\/timx.no\/#organization\",\"name\":\"Timx\",\"url\":\"https:\/\/timx.no\/\",\"logo\":{\"@type\":\"ImageObject\",\"inLanguage\":\"en-GB\",\"@id\":\"https:\/\/timx.no\/#\/schema\/logo\/image\/\",\"url\":\"https:\/\/timx.no\/wp-content\/uploads\/2022\/05\/cropped-timx-logo-512px.png\",\"contentUrl\":\"https:\/\/timx.no\/wp-content\/uploads\/2022\/05\/cropped-timx-logo-512px.png\",\"width\":512,\"height\":169,\"caption\":\"Timx\"},\"image\":{\"@id\":\"https:\/\/timx.no\/#\/schema\/logo\/image\/\"}}]}<\/script>\n<!-- \/ Yoast SEO plugin. -->","yoast_head_json":{"title":"LNT Marine A-box Viewer - Timx","robots":{"index":"index","follow":"follow","max-snippet":"max-snippet:-1","max-image-preview":"max-image-preview:large","max-video-preview":"max-video-preview:-1"},"canonical":"https:\/\/timx.no\/en\/lnt-marine-webviewer\/","og_locale":"en_GB","og_type":"article","og_title":"LNT Marine A-box Viewer - Timx","og_description":"Web visning for LNT Marine &#8211; A-box. Klikk p\u00e5 &laquo;FPS mode&raquo; for \u00e5 entr\u00e9 &laquo;g\u00e5 rundt&raquo; modus, da kan du bevege deg rundt fritt p\u00e5 skipet med piltastene og kikke rundt ved \u00e5 bevege musen, &laquo;FPS mode&raquo; er ikke tilgjengelig for mobiltelefon enn\u00e5. Klikk p\u00e5 &laquo;Hull x-ray&raquo; for \u00e5 se gjennom skipets skrog og p\u00e5 [&hellip;]","og_url":"https:\/\/timx.no\/en\/lnt-marine-webviewer\/","og_site_name":"Timx","article_modified_time":"2022-12-20T10:58:38+00:00","og_image":[{"url":"https:\/\/timx.no\/wp-content\/uploads\/2022\/07\/LNT-Marine-300x71.png","type":"","width":"","height":""}],"twitter_card":"summary_large_image","twitter_misc":{"Estimated reading time":"1 minute"},"schema":{"@context":"https:\/\/schema.org","@graph":[{"@type":"WebPage","@id":"https:\/\/timx.no\/lnt-marine-webviewer\/","url":"https:\/\/timx.no\/lnt-marine-webviewer\/","name":"LNT Marine A-box Viewer - Timx","isPartOf":{"@id":"https:\/\/timx.no\/#website"},"primaryImageOfPage":{"@id":"https:\/\/timx.no\/lnt-marine-webviewer\/#primaryimage"},"image":{"@id":"https:\/\/timx.no\/lnt-marine-webviewer\/#primaryimage"},"thumbnailUrl":"https:\/\/timx.no\/wp-content\/uploads\/2022\/07\/LNT-Marine-300x71.png","datePublished":"2022-12-09T10:14:33+00:00","dateModified":"2022-12-20T10:58:38+00:00","breadcrumb":{"@id":"https:\/\/timx.no\/lnt-marine-webviewer\/#breadcrumb"},"inLanguage":"en-GB","potentialAction":[{"@type":"ReadAction","target":["https:\/\/timx.no\/lnt-marine-webviewer\/"]}]},{"@type":"ImageObject","inLanguage":"en-GB","@id":"https:\/\/timx.no\/lnt-marine-webviewer\/#primaryimage","url":"https:\/\/timx.no\/wp-content\/uploads\/2022\/07\/LNT-Marine-300x71.png","contentUrl":"https:\/\/timx.no\/wp-content\/uploads\/2022\/07\/LNT-Marine-300x71.png"},{"@type":"BreadcrumbList","@id":"https:\/\/timx.no\/lnt-marine-webviewer\/#breadcrumb","itemListElement":[{"@type":"ListItem","position":1,"name":"Hjem","item":"https:\/\/timx.no\/"},{"@type":"ListItem","position":2,"name":"LNT Marine A-box Viewer"}]},{"@type":"WebSite","@id":"https:\/\/timx.no\/#website","url":"https:\/\/timx.no\/","name":"Timx","description":"Interactive 3D and 3D animation","publisher":{"@id":"https:\/\/timx.no\/#organization"},"potentialAction":[{"@type":"SearchAction","target":{"@type":"EntryPoint","urlTemplate":"https:\/\/timx.no\/?s={search_term_string}"},"query-input":{"@type":"PropertyValueSpecification","valueRequired":true,"valueName":"search_term_string"}}],"inLanguage":"en-GB"},{"@type":"Organization","@id":"https:\/\/timx.no\/#organization","name":"Timx","url":"https:\/\/timx.no\/","logo":{"@type":"ImageObject","inLanguage":"en-GB","@id":"https:\/\/timx.no\/#\/schema\/logo\/image\/","url":"https:\/\/timx.no\/wp-content\/uploads\/2022\/05\/cropped-timx-logo-512px.png","contentUrl":"https:\/\/timx.no\/wp-content\/uploads\/2022\/05\/cropped-timx-logo-512px.png","width":512,"height":169,"caption":"Timx"},"image":{"@id":"https:\/\/timx.no\/#\/schema\/logo\/image\/"}}]}},"_links":{"self":[{"href":"https:\/\/timx.no\/en\/wp-json\/wp\/v2\/pages\/4086","targetHints":{"allow":["GET"]}}],"collection":[{"href":"https:\/\/timx.no\/en\/wp-json\/wp\/v2\/pages"}],"about":[{"href":"https:\/\/timx.no\/en\/wp-json\/wp\/v2\/types\/page"}],"author":[{"embeddable":true,"href":"https:\/\/timx.no\/en\/wp-json\/wp\/v2\/users\/7"}],"replies":[{"embeddable":true,"href":"https:\/\/timx.no\/en\/wp-json\/wp\/v2\/comments?post=4086"}],"version-history":[{"count":44,"href":"https:\/\/timx.no\/en\/wp-json\/wp\/v2\/pages\/4086\/revisions"}],"predecessor-version":[{"id":4136,"href":"https:\/\/timx.no\/en\/wp-json\/wp\/v2\/pages\/4086\/revisions\/4136"}],"wp:attachment":[{"href":"https:\/\/timx.no\/en\/wp-json\/wp\/v2\/media?parent=4086"}],"curies":[{"name":"wp","href":"https:\/\/api.w.org\/{rel}","templated":true}]}}